{"id":231,"date":"2021-01-02T21:03:22","date_gmt":"2021-01-02T21:03:22","guid":{"rendered":"https:\/\/coachingcore.ch\/articles\/?page_id=231"},"modified":"2021-01-02T21:03:23","modified_gmt":"2021-01-02T21:03:23","slug":"politique-de-confidentialite","status":"publish","type":"page","link":"https:\/\/coachingcore.ch\/articles\/politique-de-confidentialite\/","title":{"rendered":"Politique de confidentialit\u00e9"},"content":{"rendered":"\n<p>L\u2019adresse de notre site Web est\u00a0: https:\/\/coachingcore.ch\/articles<\/p>\n\n\n\n<h2 class=\"wp-block-heading\">Utilisation des donn\u00e9es personnelles collect\u00e9es<\/h2>\n\n\n\n<h3 class=\"wp-block-heading\">Formulaires de contact<\/h3>\n\n\n\n<p>Les informations personnelles (Pr\u00e9nom, Nom, adresse e-mail et t\u00e9l\u00e9phone) que vous ins\u00e9rez dans les formulaires de contact pr\u00e9sents sur ce site (y compris l&rsquo;inscription \u00e0 la newsletter) restent strictement confidentielle et ne sont transmises en aucun cas \u00e0 d&rsquo;autres organisations ou personnes physiques ou morales.<\/p>\n\n\n\n<p>Dans le cas o\u00f9 vous souhaiteriez vous d\u00e9sinscrire de nos services, nous conserverons vos informations personnelles dans notre base de donn\u00e9es pour une dur\u00e9e ind\u00e9termin\u00e9e. Si vous voulez que nous les supprimions lors de votre d\u00e9sinscription, merci de bien vouloir nous le communiquer par e-mail et nous proc\u00e9derons imm\u00e9diatement \u00e0 leur suppression.<\/p>\n\n\n\n<h3 class=\"wp-block-heading\">Cookies<\/h3>\n\n\n\n<p>Si vous d\u00e9posez un commentaire sur notre site, il vous sera propos\u00e9 \nd\u2019enregistrer votre nom, adresse de messagerie et site web dans des \ncookies. C\u2019est uniquement pour votre confort afin de ne pas avoir \u00e0 \nsaisir ces informations si vous d\u00e9posez un autre commentaire plus tard. \nCes cookies expirent au bout d\u2019un an.<\/p>\n\n\n\n<p>Si vous avez un compte et que vous vous connectez sur ce site, un \ncookie temporaire sera cr\u00e9\u00e9 afin de d\u00e9terminer si votre navigateur \naccepte les cookies. Il ne contient pas de donn\u00e9es personnelles et sera \nsupprim\u00e9 automatiquement \u00e0 la fermeture de votre navigateur.<\/p>\n\n\n\n<p>Lorsque vous vous connecterez, nous mettrons en place un certain \nnombre de cookies pour enregistrer vos informations de connexion et vos \npr\u00e9f\u00e9rences d\u2019\u00e9cran. La dur\u00e9e de vie d\u2019un cookie de connexion est de \ndeux jours, celle d\u2019un cookie d\u2019option d\u2019\u00e9cran est d\u2019un an. Si vous \ncochez \u00ab&nbsp;Se souvenir de moi&nbsp;\u00bb, votre cookie de connexion sera conserv\u00e9 \npendant deux semaines. Si vous vous d\u00e9connectez de votre compte, le \ncookie de connexion sera effac\u00e9.<\/p>\n\n\n\n<p>En modifiant ou en publiant une publication, un cookie suppl\u00e9mentaire\n sera enregistr\u00e9 dans votre navigateur. Ce cookie ne comprend aucune \ndonn\u00e9e personnelle. Il indique simplement l\u2019ID de la publication que \nvous venez de modifier. Il expire au bout d\u2019un jour.<\/p>\n\n\n\n<h3 class=\"wp-block-heading\">Contenu embarqu\u00e9 depuis d\u2019autres sites<\/h3>\n\n\n\n<p>Les articles de ce site peuvent inclure des contenus int\u00e9gr\u00e9s (par \nexemple des vid\u00e9os, images, articles\u2026). Le contenu int\u00e9gr\u00e9 depuis \nd\u2019autres sites se comporte de la m\u00eame mani\u00e8re que si le visiteur se \nrendait sur cet autre site.<\/p>\n\n\n\n<p>Ces sites web pourraient collecter des donn\u00e9es sur vous, utiliser des\n cookies, embarquer des outils de suivis tiers, suivre vos interactions \navec ces contenus embarqu\u00e9s si vous disposez d\u2019un compte connect\u00e9 sur \nleur site web.<\/p>\n\n\n\n<h3 class=\"wp-block-heading\">Statistiques et mesures d\u2019audience<\/h3>\n\n\n\n<p>Les statistiques et les mesures d&rsquo;audience de ce site sont utilis\u00e9es uniquement dans le cadre des activit\u00e9s de coachingcore.ch. Elle ne sont transmise \u00e0 des organisations tierces en aucun cas.<br><\/p>\n\n\n\n<h2 class=\"wp-block-heading\">Utilisation et transmission de vos donn\u00e9es personnelles<\/h2>\n\n\n\n<h3 class=\"wp-block-heading\">Op\u00e9rations de marketing automatis\u00e9 et\/ou de profilage r\u00e9alis\u00e9es \u00e0 l\u2019aide des donn\u00e9es personnelles<\/h3>\n\n\n\n<p>Aucune op\u00e9ration de marketing automatis\u00e9e n&rsquo;est mise en place ni autoris\u00e9e par coachingcore.ch<br><\/p>\n","protected":false},"excerpt":{"rendered":"<p>L\u2019adresse de notre site Web est\u00a0: https:\/\/coachingcore.ch\/articles Utilisation des donn\u00e9es personnelles collect\u00e9es Formulaires de contact Les informations personnelles (Pr\u00e9nom, Nom, adresse e-mail et t\u00e9l\u00e9phone) que vous ins\u00e9rez dans les formulaires de contact pr\u00e9sents sur ce site (y compris l&rsquo;inscription \u00e0 la newsletter) restent strictement confidentielle et ne sont transmises en aucun cas \u00e0 d&rsquo;autres organisations&hellip; <br \/> <a class=\"read-more\" href=\"https:\/\/coachingcore.ch\/articles\/politique-de-confidentialite\/\">Lire la suite<\/a><\/p>\n","protected":false},"author":2,"featured_media":0,"parent":0,"menu_order":0,"comment_status":"closed","ping_status":"closed","template":"","meta":{"jetpack_post_was_ever_published":false,"footnotes":""},"class_list":["post-231","page","type-page","status-publish","hentry"],"yoast_head":"<!-- This site is optimized with the Yoast SEO plugin v27.0 - https:\/\/yoast.com\/product\/yoast-seo-wordpress\/ -->\n<title>Politique de confidentialit\u00e9 - Articles et pens&eacute;es, Mario Bucciarelli, coach &agrave; Lausanne<\/title>\n<meta name=\"description\" content=\"Les articles, pens\u00e9es et publication de Mario Bucciarelli, coach professionnel certifi\u00e9 PCC-ICF, ma\u00eetre praticien certifi\u00e9 en PNL, praticien certifi\u00e9 CLEEN.\" \/>\n<meta name=\"robots\" content=\"index, follow, max-snippet:-1, max-image-preview:large, max-video-preview:-1\" \/>\n<link rel=\"canonical\" href=\"https:\/\/coachingcore.ch\/articles\/politique-de-confidentialite\/\" \/>\n<meta property=\"og:locale\" content=\"fr_FR\" \/>\n<meta property=\"og:type\" content=\"article\" \/>\n<meta property=\"og:title\" content=\"Politique de confidentialit\u00e9 - Articles et pens&eacute;es, Mario Bucciarelli, coach &agrave; Lausanne\" \/>\n<meta property=\"og:description\" content=\"Les articles, pens\u00e9es et publication de Mario Bucciarelli, coach professionnel certifi\u00e9 PCC-ICF, ma\u00eetre praticien certifi\u00e9 en PNL, praticien certifi\u00e9 CLEEN.\" \/>\n<meta property=\"og:url\" content=\"https:\/\/coachingcore.ch\/articles\/politique-de-confidentialite\/\" \/>\n<meta property=\"og:site_name\" content=\"Articles et pens&eacute;es, Mario Bucciarelli, coach &agrave; Lausanne\" \/>\n<meta property=\"article:publisher\" content=\"https:\/\/www.facebook.com\/coachingcore\/\" \/>\n<meta property=\"article:modified_time\" content=\"2021-01-02T21:03:23+00:00\" \/>\n<meta name=\"twitter:card\" content=\"summary_large_image\" \/>\n<meta name=\"twitter:site\" content=\"@mariobuccia\" \/>\n<meta name=\"twitter:label1\" content=\"Dur\u00e9e de lecture estim\u00e9e\" \/>\n\t<meta name=\"twitter:data1\" content=\"3 minutes\" \/>\n<script type=\"application\/ld+json\" class=\"yoast-schema-graph\">{\"@context\":\"https:\/\/schema.org\",\"@graph\":[{\"@type\":\"WebPage\",\"@id\":\"https:\/\/coachingcore.ch\/articles\/politique-de-confidentialite\/\",\"url\":\"https:\/\/coachingcore.ch\/articles\/politique-de-confidentialite\/\",\"name\":\"Politique de confidentialit\u00e9 - Articles et pens&eacute;es, Mario Bucciarelli, coach &agrave; Lausanne\",\"isPartOf\":{\"@id\":\"https:\/\/coachingcore.ch\/articles\/#website\"},\"datePublished\":\"2021-01-02T21:03:22+00:00\",\"dateModified\":\"2021-01-02T21:03:23+00:00\",\"description\":\"Les articles, pens\u00e9es et publication de Mario Bucciarelli, coach professionnel certifi\u00e9 PCC-ICF, ma\u00eetre praticien certifi\u00e9 en PNL, praticien certifi\u00e9 CLEEN.\",\"breadcrumb\":{\"@id\":\"https:\/\/coachingcore.ch\/articles\/politique-de-confidentialite\/#breadcrumb\"},\"inLanguage\":\"fr-FR\",\"potentialAction\":[{\"@type\":\"ReadAction\",\"target\":[\"https:\/\/coachingcore.ch\/articles\/politique-de-confidentialite\/\"]}]},{\"@type\":\"BreadcrumbList\",\"@id\":\"https:\/\/coachingcore.ch\/articles\/politique-de-confidentialite\/#breadcrumb\",\"itemListElement\":[{\"@type\":\"ListItem\",\"position\":1,\"name\":\"Accueil\",\"item\":\"https:\/\/coachingcore.ch\/articles\/\"},{\"@type\":\"ListItem\",\"position\":2,\"name\":\"Politique de confidentialit\u00e9\"}]},{\"@type\":\"WebSite\",\"@id\":\"https:\/\/coachingcore.ch\/articles\/#website\",\"url\":\"https:\/\/coachingcore.ch\/articles\/\",\"name\":\"Articles et pens&eacute;es, Mario Bucciarelli, coach &agrave; Lausanne\",\"description\":\"Partager ses connaissances, ses id&eacute;es, ses exp&eacute;riences\",\"potentialAction\":[{\"@type\":\"SearchAction\",\"target\":{\"@type\":\"EntryPoint\",\"urlTemplate\":\"https:\/\/coachingcore.ch\/articles\/?s={search_term_string}\"},\"query-input\":{\"@type\":\"PropertyValueSpecification\",\"valueRequired\":true,\"valueName\":\"search_term_string\"}}],\"inLanguage\":\"fr-FR\"}]}<\/script>\n<!-- \/ Yoast SEO plugin. -->","yoast_head_json":{"title":"Politique de confidentialit\u00e9 - Articles et pens&eacute;es, Mario Bucciarelli, coach &agrave; Lausanne","description":"Les articles, pens\u00e9es et publication de Mario Bucciarelli, coach professionnel certifi\u00e9 PCC-ICF, ma\u00eetre praticien certifi\u00e9 en PNL, praticien certifi\u00e9 CLEEN.","robots":{"index":"index","follow":"follow","max-snippet":"max-snippet:-1","max-image-preview":"max-image-preview:large","max-video-preview":"max-video-preview:-1"},"canonical":"https:\/\/coachingcore.ch\/articles\/politique-de-confidentialite\/","og_locale":"fr_FR","og_type":"article","og_title":"Politique de confidentialit\u00e9 - Articles et pens&eacute;es, Mario Bucciarelli, coach &agrave; Lausanne","og_description":"Les articles, pens\u00e9es et publication de Mario Bucciarelli, coach professionnel certifi\u00e9 PCC-ICF, ma\u00eetre praticien certifi\u00e9 en PNL, praticien certifi\u00e9 CLEEN.","og_url":"https:\/\/coachingcore.ch\/articles\/politique-de-confidentialite\/","og_site_name":"Articles et pens&eacute;es, Mario Bucciarelli, coach &agrave; Lausanne","article_publisher":"https:\/\/www.facebook.com\/coachingcore\/","article_modified_time":"2021-01-02T21:03:23+00:00","twitter_card":"summary_large_image","twitter_site":"@mariobuccia","twitter_misc":{"Dur\u00e9e de lecture estim\u00e9e":"3 minutes"},"schema":{"@context":"https:\/\/schema.org","@graph":[{"@type":"WebPage","@id":"https:\/\/coachingcore.ch\/articles\/politique-de-confidentialite\/","url":"https:\/\/coachingcore.ch\/articles\/politique-de-confidentialite\/","name":"Politique de confidentialit\u00e9 - Articles et pens&eacute;es, Mario Bucciarelli, coach &agrave; Lausanne","isPartOf":{"@id":"https:\/\/coachingcore.ch\/articles\/#website"},"datePublished":"2021-01-02T21:03:22+00:00","dateModified":"2021-01-02T21:03:23+00:00","description":"Les articles, pens\u00e9es et publication de Mario Bucciarelli, coach professionnel certifi\u00e9 PCC-ICF, ma\u00eetre praticien certifi\u00e9 en PNL, praticien certifi\u00e9 CLEEN.","breadcrumb":{"@id":"https:\/\/coachingcore.ch\/articles\/politique-de-confidentialite\/#breadcrumb"},"inLanguage":"fr-FR","potentialAction":[{"@type":"ReadAction","target":["https:\/\/coachingcore.ch\/articles\/politique-de-confidentialite\/"]}]},{"@type":"BreadcrumbList","@id":"https:\/\/coachingcore.ch\/articles\/politique-de-confidentialite\/#breadcrumb","itemListElement":[{"@type":"ListItem","position":1,"name":"Accueil","item":"https:\/\/coachingcore.ch\/articles\/"},{"@type":"ListItem","position":2,"name":"Politique de confidentialit\u00e9"}]},{"@type":"WebSite","@id":"https:\/\/coachingcore.ch\/articles\/#website","url":"https:\/\/coachingcore.ch\/articles\/","name":"Articles et pens&eacute;es, Mario Bucciarelli, coach &agrave; Lausanne","description":"Partager ses connaissances, ses id&eacute;es, ses exp&eacute;riences","potentialAction":[{"@type":"SearchAction","target":{"@type":"EntryPoint","urlTemplate":"https:\/\/coachingcore.ch\/articles\/?s={search_term_string}"},"query-input":{"@type":"PropertyValueSpecification","valueRequired":true,"valueName":"search_term_string"}}],"inLanguage":"fr-FR"}]}},"jetpack_sharing_enabled":true,"jetpack_shortlink":"https:\/\/wp.me\/PaxUMp-3J","_links":{"self":[{"href":"https:\/\/coachingcore.ch\/articles\/wp-json\/wp\/v2\/pages\/231","targetHints":{"allow":["GET"]}}],"collection":[{"href":"https:\/\/coachingcore.ch\/articles\/wp-json\/wp\/v2\/pages"}],"about":[{"href":"https:\/\/coachingcore.ch\/articles\/wp-json\/wp\/v2\/types\/page"}],"author":[{"embeddable":true,"href":"https:\/\/coachingcore.ch\/articles\/wp-json\/wp\/v2\/users\/2"}],"replies":[{"embeddable":true,"href":"https:\/\/coachingcore.ch\/articles\/wp-json\/wp\/v2\/comments?post=231"}],"version-history":[{"count":1,"href":"https:\/\/coachingcore.ch\/articles\/wp-json\/wp\/v2\/pages\/231\/revisions"}],"predecessor-version":[{"id":232,"href":"https:\/\/coachingcore.ch\/articles\/wp-json\/wp\/v2\/pages\/231\/revisions\/232"}],"wp:attachment":[{"href":"https:\/\/coachingcore.ch\/articles\/wp-json\/wp\/v2\/media?parent=231"}],"curies":[{"name":"wp","href":"https:\/\/api.w.org\/{rel}","templated":true}]}}