{"id":230,"date":"2021-01-02T20:46:06","date_gmt":"2021-01-02T20:46:06","guid":{"rendered":"https:\/\/coachingcore.ch\/articles\/newsletter\/"},"modified":"2021-01-04T14:14:42","modified_gmt":"2021-01-04T14:14:42","slug":"newsletter","status":"publish","type":"page","link":"https:\/\/coachingcore.ch\/articles\/newsletter\/","title":{"rendered":"Inscription \u00e0 la Newsletter"},"content":{"rendered":"\n<p>Bienvenue sur les blog de Mario Bucciarelli, coaching et PNL \u00e0 Lausanne !!!<\/p>\n\n\n\n<p>Sur cette page, vous pouvez vous inscrire \u00e0 ma newsletter et, chaque mois, vous recevrez mes articles et mes pens\u00e9es sur le coaching, la PNL, le d\u00e9veloppement personnel directement dans votre bo\u00eete e-mail.<\/p>\n\n\n\n<p>Merci de votre confiance et \u00e0 bient\u00f4t<\/p>\n\n\n\n<p>Mario Bucciarelli, coaching et PNL \u00e0 Lausanne<\/p>\n\n\n\n<hr class=\"wp-block-separator\"\/>\n\n\n<p><div class=\"tnp tnp-subscription \">\n<form method=\"post\" action=\"https:\/\/coachingcore.ch\/articles\/wp-admin\/admin-ajax.php?action=tnp&amp;na=s\">\n<input type=\"hidden\" name=\"nlang\" value=\"\">\n<div class=\"tnp-field tnp-field-firstname\"><label for=\"tnp-1\">Pr\u00e9nom <\/label>\n<input class=\"tnp-name\" type=\"text\" name=\"nn\" id=\"tnp-1\" value=\"\" placeholder=\"\" required><\/div>\n<div class=\"tnp-field tnp-field-surname\"><label for=\"tnp-2\">Nom de famille<\/label>\n<input class=\"tnp-surname\" type=\"text\" name=\"ns\" id=\"tnp-2\" value=\"\" placeholder=\"\" required><\/div><div class=\"tnp-field tnp-field-email\"><label for=\"tnp-3\">Email<\/label>\n<input class=\"tnp-email\" type=\"email\" name=\"ne\" id=\"tnp-3\" value=\"\" placeholder=\"\" required><\/div>\n<div class=\"tnp-field tnp-privacy-field\"><label><input type=\"checkbox\" name=\"ny\" required class=\"tnp-privacy\"> <a target=\"_blank\" href=\"https:\/\/coachingcore.ch\/articles\/politique-de-confidentialite\/\">En continuant, vous acceptez la politique de confidentialit\u00e9<\/a><\/label><\/div><div class=\"tnp-field tnp-field-button\" style=\"text-align: left\"><input class=\"tnp-submit\" type=\"submit\" value=\"S&#039;abonner\" style=\"\">\n<\/div>\n<\/form>\n<\/div>\n<\/p>\n\n\n<p><\/p>\n","protected":false},"excerpt":{"rendered":"<p>Bienvenue sur les blog de Mario Bucciarelli, coaching et PNL \u00e0 Lausanne !!! Sur cette page, vous pouvez vous inscrire \u00e0 ma newsletter et, chaque mois, vous recevrez mes articles et mes pens\u00e9es sur le coaching, la PNL, le d\u00e9veloppement personnel directement dans votre bo\u00eete e-mail. Merci de votre confiance et \u00e0 bient\u00f4t Mario Bucciarelli,&hellip; <br \/> <a class=\"read-more\" href=\"https:\/\/coachingcore.ch\/articles\/newsletter\/\">Lire la suite<\/a><\/p>\n","protected":false},"author":2,"featured_media":0,"parent":0,"menu_order":0,"comment_status":"closed","ping_status":"closed","template":"","meta":{"jetpack_post_was_ever_published":false,"footnotes":""},"class_list":["post-230","page","type-page","status-publish","hentry"],"yoast_head":"<!-- This site is optimized with the Yoast SEO plugin v27.0 - https:\/\/yoast.com\/product\/yoast-seo-wordpress\/ -->\n<title>Inscription \u00e0 la Newsletter - Articles et pens&eacute;es, Mario Bucciarelli, coach &agrave; Lausanne<\/title>\n<meta name=\"description\" content=\"Les articles, pens\u00e9es et publication de Mario Bucciarelli, coach professionnel certifi\u00e9 PCC-ICF, ma\u00eetre praticien certifi\u00e9 en PNL, praticien certifi\u00e9 CLEEN.\" \/>\n<meta name=\"robots\" content=\"index, follow, max-snippet:-1, max-image-preview:large, max-video-preview:-1\" \/>\n<link rel=\"canonical\" href=\"https:\/\/coachingcore.ch\/articles\/newsletter\/\" \/>\n<meta property=\"og:locale\" content=\"fr_FR\" \/>\n<meta property=\"og:type\" content=\"article\" \/>\n<meta property=\"og:title\" content=\"Inscription \u00e0 la Newsletter - Articles et pens&eacute;es, Mario Bucciarelli, coach &agrave; Lausanne\" \/>\n<meta property=\"og:description\" content=\"Les articles, pens\u00e9es et publication de Mario Bucciarelli, coach professionnel certifi\u00e9 PCC-ICF, ma\u00eetre praticien certifi\u00e9 en PNL, praticien certifi\u00e9 CLEEN.\" \/>\n<meta property=\"og:url\" content=\"https:\/\/coachingcore.ch\/articles\/newsletter\/\" \/>\n<meta property=\"og:site_name\" content=\"Articles et pens&eacute;es, Mario Bucciarelli, coach &agrave; Lausanne\" \/>\n<meta property=\"article:publisher\" content=\"https:\/\/www.facebook.com\/coachingcore\/\" \/>\n<meta property=\"article:modified_time\" content=\"2021-01-04T14:14:42+00:00\" \/>\n<meta name=\"twitter:card\" content=\"summary_large_image\" \/>\n<meta name=\"twitter:site\" content=\"@mariobuccia\" \/>\n<script type=\"application\/ld+json\" class=\"yoast-schema-graph\">{\"@context\":\"https:\/\/schema.org\",\"@graph\":[{\"@type\":\"WebPage\",\"@id\":\"https:\/\/coachingcore.ch\/articles\/newsletter\/\",\"url\":\"https:\/\/coachingcore.ch\/articles\/newsletter\/\",\"name\":\"Inscription \u00e0 la Newsletter - Articles et pens&eacute;es, Mario Bucciarelli, coach &agrave; Lausanne\",\"isPartOf\":{\"@id\":\"https:\/\/coachingcore.ch\/articles\/#website\"},\"datePublished\":\"2021-01-02T20:46:06+00:00\",\"dateModified\":\"2021-01-04T14:14:42+00:00\",\"description\":\"Les articles, pens\u00e9es et publication de Mario Bucciarelli, coach professionnel certifi\u00e9 PCC-ICF, ma\u00eetre praticien certifi\u00e9 en PNL, praticien certifi\u00e9 CLEEN.\",\"breadcrumb\":{\"@id\":\"https:\/\/coachingcore.ch\/articles\/newsletter\/#breadcrumb\"},\"inLanguage\":\"fr-FR\",\"potentialAction\":[{\"@type\":\"ReadAction\",\"target\":[\"https:\/\/coachingcore.ch\/articles\/newsletter\/\"]}]},{\"@type\":\"BreadcrumbList\",\"@id\":\"https:\/\/coachingcore.ch\/articles\/newsletter\/#breadcrumb\",\"itemListElement\":[{\"@type\":\"ListItem\",\"position\":1,\"name\":\"Accueil\",\"item\":\"https:\/\/coachingcore.ch\/articles\/\"},{\"@type\":\"ListItem\",\"position\":2,\"name\":\"Inscription \u00e0 la Newsletter\"}]},{\"@type\":\"WebSite\",\"@id\":\"https:\/\/coachingcore.ch\/articles\/#website\",\"url\":\"https:\/\/coachingcore.ch\/articles\/\",\"name\":\"Articles et pens&eacute;es, Mario Bucciarelli, coach &agrave; Lausanne\",\"description\":\"Partager ses connaissances, ses id&eacute;es, ses exp&eacute;riences\",\"potentialAction\":[{\"@type\":\"SearchAction\",\"target\":{\"@type\":\"EntryPoint\",\"urlTemplate\":\"https:\/\/coachingcore.ch\/articles\/?s={search_term_string}\"},\"query-input\":{\"@type\":\"PropertyValueSpecification\",\"valueRequired\":true,\"valueName\":\"search_term_string\"}}],\"inLanguage\":\"fr-FR\"}]}<\/script>\n<!-- \/ Yoast SEO plugin. -->","yoast_head_json":{"title":"Inscription \u00e0 la Newsletter - Articles et pens&eacute;es, Mario Bucciarelli, coach &agrave; Lausanne","description":"Les articles, pens\u00e9es et publication de Mario Bucciarelli, coach professionnel certifi\u00e9 PCC-ICF, ma\u00eetre praticien certifi\u00e9 en PNL, praticien certifi\u00e9 CLEEN.","robots":{"index":"index","follow":"follow","max-snippet":"max-snippet:-1","max-image-preview":"max-image-preview:large","max-video-preview":"max-video-preview:-1"},"canonical":"https:\/\/coachingcore.ch\/articles\/newsletter\/","og_locale":"fr_FR","og_type":"article","og_title":"Inscription \u00e0 la Newsletter - Articles et pens&eacute;es, Mario Bucciarelli, coach &agrave; Lausanne","og_description":"Les articles, pens\u00e9es et publication de Mario Bucciarelli, coach professionnel certifi\u00e9 PCC-ICF, ma\u00eetre praticien certifi\u00e9 en PNL, praticien certifi\u00e9 CLEEN.","og_url":"https:\/\/coachingcore.ch\/articles\/newsletter\/","og_site_name":"Articles et pens&eacute;es, Mario Bucciarelli, coach &agrave; Lausanne","article_publisher":"https:\/\/www.facebook.com\/coachingcore\/","article_modified_time":"2021-01-04T14:14:42+00:00","twitter_card":"summary_large_image","twitter_site":"@mariobuccia","schema":{"@context":"https:\/\/schema.org","@graph":[{"@type":"WebPage","@id":"https:\/\/coachingcore.ch\/articles\/newsletter\/","url":"https:\/\/coachingcore.ch\/articles\/newsletter\/","name":"Inscription \u00e0 la Newsletter - Articles et pens&eacute;es, Mario Bucciarelli, coach &agrave; Lausanne","isPartOf":{"@id":"https:\/\/coachingcore.ch\/articles\/#website"},"datePublished":"2021-01-02T20:46:06+00:00","dateModified":"2021-01-04T14:14:42+00:00","description":"Les articles, pens\u00e9es et publication de Mario Bucciarelli, coach professionnel certifi\u00e9 PCC-ICF, ma\u00eetre praticien certifi\u00e9 en PNL, praticien certifi\u00e9 CLEEN.","breadcrumb":{"@id":"https:\/\/coachingcore.ch\/articles\/newsletter\/#breadcrumb"},"inLanguage":"fr-FR","potentialAction":[{"@type":"ReadAction","target":["https:\/\/coachingcore.ch\/articles\/newsletter\/"]}]},{"@type":"BreadcrumbList","@id":"https:\/\/coachingcore.ch\/articles\/newsletter\/#breadcrumb","itemListElement":[{"@type":"ListItem","position":1,"name":"Accueil","item":"https:\/\/coachingcore.ch\/articles\/"},{"@type":"ListItem","position":2,"name":"Inscription \u00e0 la Newsletter"}]},{"@type":"WebSite","@id":"https:\/\/coachingcore.ch\/articles\/#website","url":"https:\/\/coachingcore.ch\/articles\/","name":"Articles et pens&eacute;es, Mario Bucciarelli, coach &agrave; Lausanne","description":"Partager ses connaissances, ses id&eacute;es, ses exp&eacute;riences","potentialAction":[{"@type":"SearchAction","target":{"@type":"EntryPoint","urlTemplate":"https:\/\/coachingcore.ch\/articles\/?s={search_term_string}"},"query-input":{"@type":"PropertyValueSpecification","valueRequired":true,"valueName":"search_term_string"}}],"inLanguage":"fr-FR"}]}},"jetpack_sharing_enabled":true,"jetpack_shortlink":"https:\/\/wp.me\/PaxUMp-3I","_links":{"self":[{"href":"https:\/\/coachingcore.ch\/articles\/wp-json\/wp\/v2\/pages\/230","targetHints":{"allow":["GET"]}}],"collection":[{"href":"https:\/\/coachingcore.ch\/articles\/wp-json\/wp\/v2\/pages"}],"about":[{"href":"https:\/\/coachingcore.ch\/articles\/wp-json\/wp\/v2\/types\/page"}],"author":[{"embeddable":true,"href":"https:\/\/coachingcore.ch\/articles\/wp-json\/wp\/v2\/users\/2"}],"replies":[{"embeddable":true,"href":"https:\/\/coachingcore.ch\/articles\/wp-json\/wp\/v2\/comments?post=230"}],"version-history":[{"count":3,"href":"https:\/\/coachingcore.ch\/articles\/wp-json\/wp\/v2\/pages\/230\/revisions"}],"predecessor-version":[{"id":240,"href":"https:\/\/coachingcore.ch\/articles\/wp-json\/wp\/v2\/pages\/230\/revisions\/240"}],"wp:attachment":[{"href":"https:\/\/coachingcore.ch\/articles\/wp-json\/wp\/v2\/media?parent=230"}],"curies":[{"name":"wp","href":"https:\/\/api.w.org\/{rel}","templated":true}]}}